{"id":7,"date":"2019-08-15T21:18:17","date_gmt":"2019-08-15T21:18:17","guid":{"rendered":"https:\/\/zhangweb.ca\/francais?page_id=7"},"modified":"2025-06-20T04:05:49","modified_gmt":"2025-06-20T08:05:49","slug":"bienvenue","status":"publish","type":"page","link":"https:\/\/zhangweb.ca\/francais\/","title":{"rendered":"Bienvenue"},"content":{"rendered":"\t\t<div data-elementor-type=\"wp-post\" data-elementor-id=\"7\" class=\"elementor elementor-7\">\n\t\t\t\t\t\t<section class=\"elementor-section elementor-top-section elementor-element elementor-element-e9f0772 elementor-section-boxed elementor-section-height-default elementor-section-height-default\" data-id=\"e9f0772\" data-element_type=\"section\">\n\t\t\t\t\t\t<div class=\"elementor-container elementor-column-gap-default\">\n\t\t\t\t\t<div class=\"elementor-column elementor-col-100 elementor-top-column elementor-element elementor-element-49ec049\" data-id=\"49ec049\" data-element_type=\"column\">\n\t\t\t<div class=\"elementor-widget-wrap elementor-element-populated\">\n\t\t\t\t\t\t<div class=\"elementor-element elementor-element-e1f4273 elementor-widget elementor-widget-html\" data-id=\"e1f4273\" data-element_type=\"widget\" data-widget_type=\"html.default\">\n\t\t\t\t<div class=\"elementor-widget-container\">\n\t\t\t\t\t\r\n  <style>\r\n    \r\n    header {\r\n     background: #e0f0ff;\r\n      \r\n    }\r\n    header h1 {\r\n      font-size: 2.5em;\r\n      margin: 0;\r\n      color: #004080;\r\n    }\r\n    header p {\r\n      font-size: 1.2em;\r\n      margin-top: 10px;\r\n    }\r\n    .container {\r\n      max-width: 960px;\r\n      margin: auto;\r\n      padding: 20px;\r\n    }\r\n    .section {\r\n      background: white;\r\n      border-radius: 8px;\r\n      box-shadow: 0 0 10px rgba(0,0,0,0.05);\r\n      margin-bottom: 20px;\r\n      padding: 20px;\r\n    }\r\n    .section h2 {\r\n      color: #0077cc;\r\n      margin-top: 0;\r\n    }\r\n    .bubble {\r\n      background: #d32f2f;\r\n      color: white;\r\n      font-weight: bold;\r\n      display: inline-block;\r\n      padding: 15px 20px;\r\n      border-radius: 25px;\r\n      margin-top: 15px;\r\n    }\r\n    footer {\r\n      text-align: center;\r\n      padding: 30px;\r\n      font-size: 0.9em;\r\n      color: #888;\r\n    }\r\n  <\/style>\r\n<\/head>\r\n\r\n    <header>\r\n    <h1>Bienvenue !<\/h1>\r\n    <p>D\u00e9couvrez la beaut\u00e9 de la langue fran\u00e7aise et commencez votre aventure linguistique aujourd'hui \ud83c\uddeb\ud83c\uddf7<\/p>\r\n  <\/header>\r\n\r\n  <div class=\"container\">\r\n    <div class=\"section\">\r\n      <h2>\u6cd5\u8bed\u7b80\u4ecb<\/h2>\r\n      <p><strong>\u6cd5\u8bed<\/strong>\uff08le fran\u00e7ais \u6216 la langue fran\u00e7aise\uff09\uff0c\u5c5e\u4e8e\u5370\u6b27\u8bed\u7cfb\u7f57\u66fc\u8bed\u65cf\u7684\u9ad8\u5362-\u7f57\u66fc\u8bed\u652f\uff0c\u662f\u8054\u5408\u56fd\u3001\u6b27\u76df\u3001\u975e\u76df\u7b49\u591a\u4e2a\u56fd\u9645\u7ec4\u7ec7\u7684\u5b98\u65b9\u8bed\u8a00\u3002<\/p>\r\n      <p>\u5168\u7403\u6709\u8d85\u8fc7 2.8 \u4ebf\u4eba\u4f7f\u7528\u6cd5\u8bed\uff0c\u662f\u4e16\u754c\u7b2c\u516d\u5927\u8bed\u8a00\uff0c\u5c24\u5176\u5728\u975e\u6d32\u548c\u6b27\u6d32\u5730\u533a\u5e7f\u6cdb\u5206\u5e03\u3002<\/p>\r\n      <p>\u6807\u51c6\u6cd5\u8bed\uff08fran\u00e7ais m\u00e9tropolitain\uff09\u548c\u9b41\u5317\u514b\u6cd5\u8bed\uff08qu\u00e9b\u00e9cois\uff09\u5728\u8bcd\u6c47\u548c\u53d1\u97f3\u4e0a\u7565\u6709\u4e0d\u540c\uff0c\u4f46\u4e66\u9762\u5f62\u5f0f\u57fa\u672c\u4e00\u81f4\u3002<\/p>\r\n      <span class=\"bubble\">J'apprends le fran\u00e7ais \u2013 Encouragez-moi !<\/span>\r\n    <\/div>\r\n\r\n    <div class=\"section\">\r\n      <h2>\u4e3a\u4ec0\u4e48\u5b66\u4e60\u6cd5\u8bed\uff1f<\/h2>\r\n      <ul>\r\n        <li>\ud83c\udf0d \u6cd5\u8bed\u662f\u8054\u5408\u56fd\u3001\u6b27\u76df\u7b49\u7ec4\u7ec7\u7684\u5b98\u65b9\u8bed\u8a00<\/li>\r\n        <li>\ud83c\udf93 \u6cd5\u8bed\u6587\u5316\u5f71\u54cd\u6df1\u8fdc\uff0c\u6d89\u53ca\u6587\u5b66\u3001\u54f2\u5b66\u3001\u827a\u672f\u3001\u65f6\u5c1a<\/li>\r\n        <li>\u2708\ufe0f \u6cd5\u8bed\u56fd\u5bb6\u904d\u5e03\u4e94\u5927\u6d32\uff0c\u662f\u65c5\u6e38\u548c\u56fd\u9645\u4ea4\u6d41\u7684\u91cd\u8981\u8bed\u8a00<\/li>\r\n      <\/ul>\r\n    <\/div>\r\n\r\n  \r\n  <\/div>\r\n\r\n\r\n\r\n\t\t\t\t<\/div>\n\t\t\t\t<\/div>\n\t\t\t\t\t<\/div>\n\t\t<\/div>\n\t\t\t\t\t<\/div>\n\t\t<\/section>\n\t\t\t\t<\/div>\n\t\t","protected":false},"excerpt":{"rendered":"<p>Bienvenue ! D\u00e9couvrez la beaut\u00e9 de la langue fran\u00e7aise et commencez votre aventure linguistique aujourd&rsquo;hui \ud83c\uddeb\ud83c\uddf7 \u6cd5\u8bed\u7b80\u4ecb \u6cd5\u8bed\uff08le fran\u00e7ais \u6216 la langue fran\u00e7aise\uff09\uff0c\u5c5e\u4e8e\u5370\u6b27\u8bed\u7cfb\u7f57\u66fc\u8bed\u65cf\u7684\u9ad8\u5362-\u7f57\u66fc\u8bed\u652f\uff0c\u662f\u8054\u5408\u56fd\u3001\u6b27\u76df\u3001\u975e\u76df\u7b49\u591a\u4e2a\u56fd\u9645\u7ec4\u7ec7\u7684\u5b98\u65b9\u8bed\u8a00\u3002 \u5168\u7403\u6709\u8d85\u8fc7 2.8 \u4ebf\u4eba\u4f7f\u7528\u6cd5\u8bed\uff0c\u662f\u4e16\u754c\u7b2c\u516d\u5927\u8bed\u8a00\uff0c\u5c24\u5176\u5728\u975e\u6d32\u548c\u6b27\u6d32\u5730\u533a\u5e7f\u6cdb\u5206\u5e03\u3002 \u6807\u51c6\u6cd5\u8bed\uff08fran\u00e7ais m\u00e9tropolitain\uff09\u548c\u9b41\u5317\u514b\u6cd5\u8bed\uff08qu\u00e9b\u00e9cois\uff09\u5728\u8bcd\u6c47\u548c\u53d1\u97f3\u4e0a\u7565\u6709\u4e0d\u540c\uff0c\u4f46\u4e66\u9762\u5f62\u5f0f\u57fa\u672c\u4e00\u81f4\u3002 J&rsquo;apprends le fran\u00e7ais \u2013 Encouragez-moi ! \u4e3a\u4ec0\u4e48\u5b66\u4e60\u6cd5\u8bed\uff1f \ud83c\udf0d \u6cd5\u8bed\u662f\u8054\u5408\u56fd\u3001\u6b27\u76df\u7b49\u7ec4\u7ec7\u7684\u5b98\u65b9\u8bed\u8a00 \ud83c\udf93 \u6cd5\u8bed\u6587\u5316\u5f71\u54cd\u6df1\u8fdc\uff0c\u6d89\u53ca\u6587\u5b66\u3001\u54f2\u5b66\u3001\u827a\u672f\u3001\u65f6\u5c1a \u2708\ufe0f \u6cd5\u8bed\u56fd\u5bb6\u904d\u5e03\u4e94\u5927\u6d32\uff0c\u662f\u65c5\u6e38\u548c\u56fd\u9645\u4ea4\u6d41\u7684\u91cd\u8981\u8bed\u8a00<\/p>\n","protected":false},"author":1,"featured_media":0,"parent":0,"menu_order":0,"comment_status":"closed","ping_status":"closed","template":"","meta":{"footnotes":""},"class_list":["post-7","page","type-page","status-publish","hentry"],"_links":{"self":[{"href":"https:\/\/zhangweb.ca\/francais\/wp-json\/wp\/v2\/pages\/7"}],"collection":[{"href":"https:\/\/zhangweb.ca\/francais\/wp-json\/wp\/v2\/pages"}],"about":[{"href":"https:\/\/zhangweb.ca\/francais\/wp-json\/wp\/v2\/types\/page"}],"author":[{"embeddable":true,"href":"https:\/\/zhangweb.ca\/francais\/wp-json\/wp\/v2\/users\/1"}],"replies":[{"embeddable":true,"href":"https:\/\/zhangweb.ca\/francais\/wp-json\/wp\/v2\/comments?post=7"}],"version-history":[{"count":117,"href":"https:\/\/zhangweb.ca\/francais\/wp-json\/wp\/v2\/pages\/7\/revisions"}],"predecessor-version":[{"id":14609,"href":"https:\/\/zhangweb.ca\/francais\/wp-json\/wp\/v2\/pages\/7\/revisions\/14609"}],"wp:attachment":[{"href":"https:\/\/zhangweb.ca\/francais\/wp-json\/wp\/v2\/media?parent=7"}],"curies":[{"name":"wp","href":"https:\/\/api.w.org\/{rel}","templated":true}]}}